{"id":107,"date":"2017-12-13T13:23:05","date_gmt":"2017-12-13T12:23:05","guid":{"rendered":"http:\/\/www.thelandoffey.de\/?page_id=107"},"modified":"2025-07-24T22:57:22","modified_gmt":"2025-07-24T20:57:22","slug":"impressum","status":"publish","type":"page","link":"https:\/\/www.thelandoffey.de\/de_de\/impressum\/","title":{"rendered":"Impressum"},"content":{"rendered":"<p>[et_pb_section fb_built=&#8220;1&#8243; _builder_version=&#8220;4.20.0&#8243; _module_preset=&#8220;default&#8220; global_colors_info=&#8220;{}&#8220;][et_pb_row _builder_version=&#8220;4.20.0&#8243; _module_preset=&#8220;default&#8220; global_colors_info=&#8220;{}&#8220;][et_pb_column type=&#8220;4_4&#8243; _builder_version=&#8220;4.20.0&#8243; _module_preset=&#8220;default&#8220; global_colors_info=&#8220;{}&#8220;][et_pb_text _builder_version=&#8220;4.27.4&#8243; _module_preset=&#8220;default&#8220; hover_enabled=&#8220;0&#8243; global_colors_info=&#8220;{}&#8220; sticky_enabled=&#8220;0&#8243;]<\/p>\n<h1>Impressum<\/h1>\n<p>The Land of Fey GmbH<br \/>Ringerottstr. 73<br \/>45772 Marl<\/p>\n<p>Handelsregister: HRB 11402<br \/>Registergericht: Amtsgericht Gelsenkirchen<\/p>\n<p><strong>Vertreten durch:<\/strong><\/p>\n<p>Gesch\u00e4ftsf\u00fchrer: Oliver Karla<\/p>\n<h2>Kontakt<\/h2>\n<p>Telefon: +49 2365 &#8211; 2960568<br \/>Telefax: +49 2365 &#8211; 2960569<br \/>E-Mail: info@thelandoffey.de<\/p>\n<h2>Umsatzsteuer-ID<\/h2>\n<p>Umsatzsteuer-Identifikationsnummer gem\u00e4\u00df \u00a7 27 a Umsatzsteuergesetz:<\/p>\n<p>DE251705734<\/p>\n<h2>Redaktionell verantwortlich<\/h2>\n<p>Oliver Karla<br \/>The Land of Fey GmbH<br \/>Ringerottstr. 73<br \/>45772 Marl<\/p>\n<h2>Verbraucher\u00adstreit\u00adbeilegung\/Universal\u00adschlichtungs\u00adstelle<\/h2>\n<p>Wir sind nicht bereit oder verpflichtet, an Streitbeilegungsverfahren vor einer Verbraucherschlichtungsstelle teilzunehmen.<\/p>\n<h2>Barrierefreiheit<\/h2>\n<p>Wir m\u00f6chten, dass unsere Website f\u00fcr alle Menschen zug\u00e4nglich ist \u2013 unabh\u00e4ngig von k\u00f6rperlichen oder technischen Voraussetzungen. Deshalb orientieren wir uns an den Vorgaben der Web Content Accessibility Guidelines (WCAG) 2.1, Level AA, und dem Barrierefreiheitsst\u00e4rkungsgesetz (BFSG).<\/p>\n<p>Wir \u00fcberpr\u00fcfen unsere Website regelm\u00e4\u00dfig mit automatisierten Tools und manuellen Tests. Sollten Ihnen dennoch Barrieren auffallen, freuen wir uns \u00fcber einen Hinweis. Schreiben Sie uns einfach eine E-Mail an <a href=\"mailto:info@thelandoffey.de\" target=\"_blank\" rel=\"noopener\" title=\"Mail f\u00fcr Barrierefreiheits Feedback\">info@thelandoffey.de<\/a> oder nutzen Sie unser Kontaktformular.<\/p>\n<p>Wir nehmen Ihr Feedback ernst und bem\u00fchen uns, gemeldete Barrieren schnellstm\u00f6glich zu beheben.<\/p>\n<p>[\/et_pb_text][\/et_pb_column][\/et_pb_row][\/et_pb_section]<\/p>\n","protected":false},"excerpt":{"rendered":"<p>Impressum The Land of Fey GmbHRingerottstr. 7345772 Marl Handelsregister: HRB 11402Registergericht: Amtsgericht Gelsenkirchen Vertreten durch: Gesch\u00e4ftsf\u00fchrer: Oliver Karla Kontakt Telefon: +49 2365 &#8211; 2960568Telefax: +49 2365 &#8211; 2960569E-Mail: info@thelandoffey.de Umsatzsteuer-ID Umsatzsteuer-Identifikationsnummer gem\u00e4\u00df \u00a7 27 a Umsatzsteuergesetz: DE251705734 Redaktionell verantwortlich Oliver KarlaThe Land of Fey GmbHRingerottstr. 7345772 Marl Verbraucher\u00adstreit\u00adbeilegung\/Universal\u00adschlichtungs\u00adstelle Wir sind nicht bereit oder verpflichtet, an Streitbeilegungsverfahren vor einer Verbraucherschlichtungsstelle teilzunehmen. Barrierefreiheit Wir m\u00f6chten, dass unsere Website f\u00fcr alle Menschen zug\u00e4nglich ist \u2013 unabh\u00e4ngig von k\u00f6rperlichen oder technischen Voraussetzungen. Deshalb orientieren wir uns an den Vorgaben der Web Content Accessibility Guidelines (WCAG) 2.1, Level AA, und dem Barrierefreiheitsst\u00e4rkungsgesetz (BFSG). Wir \u00fcberpr\u00fcfen unsere Website regelm\u00e4\u00dfig mit automatisierten Tools und manuellen Tests. Sollten Ihnen dennoch Barrieren auffallen, freuen wir uns \u00fcber einen Hinweis. Schreiben Sie uns einfach eine E-Mail an info@thelandoffey.de oder nutzen Sie unser Kontaktformular. Wir nehmen Ihr Feedback ernst und bem\u00fchen uns, gemeldete Barrieren schnellstm\u00f6glich zu beheben.<\/p>\n","protected":false},"author":1,"featured_media":0,"parent":0,"menu_order":0,"comment_status":"closed","ping_status":"closed","template":"","meta":{"_et_pb_use_builder":"on","_et_pb_old_content":"","_et_gb_content_width":"","footnotes":""},"class_list":["post-107","page","type-page","status-publish","hentry"],"yoast_head":"<!-- This site is optimized with the Yoast SEO plugin v27.4 - https:\/\/yoast.com\/product\/yoast-seo-wordpress\/ -->\n<title>Impressum - The Land of Fey Medienproduktion<\/title>\n<meta name=\"robots\" content=\"index, follow, max-snippet:-1, max-image-preview:large, max-video-preview:-1\" \/>\n<link rel=\"canonical\" href=\"https:\/\/www.thelandoffey.de\/de_de\/impressum\/\" \/>\n<meta property=\"og:locale\" content=\"de_DE\" \/>\n<meta property=\"og:type\" content=\"article\" \/>\n<meta property=\"og:title\" content=\"Impressum - The Land of Fey Medienproduktion\" \/>\n<meta property=\"og:description\" content=\"Impressum The Land of Fey GmbHRingerottstr. 7345772 Marl Handelsregister: HRB 11402Registergericht: Amtsgericht Gelsenkirchen Vertreten durch: Gesch\u00e4ftsf\u00fchrer: Oliver Karla Kontakt Telefon: +49 2365 - 2960568Telefax: +49 2365 - 2960569E-Mail: info@thelandoffey.de Umsatzsteuer-ID Umsatzsteuer-Identifikationsnummer gem\u00e4\u00df \u00a7 27 a Umsatzsteuergesetz: DE251705734 Redaktionell verantwortlich Oliver KarlaThe Land of Fey GmbHRingerottstr. 7345772 Marl Verbraucher\u00adstreit\u00adbeilegung\/Universal\u00adschlichtungs\u00adstelle Wir sind nicht bereit oder verpflichtet, an Streitbeilegungsverfahren vor einer Verbraucherschlichtungsstelle teilzunehmen. Barrierefreiheit Wir m\u00f6chten, dass unsere Website f\u00fcr alle Menschen zug\u00e4nglich ist \u2013 unabh\u00e4ngig von k\u00f6rperlichen oder technischen Voraussetzungen. Deshalb orientieren wir uns an den Vorgaben der Web Content Accessibility Guidelines (WCAG) 2.1, Level AA, und dem Barrierefreiheitsst\u00e4rkungsgesetz (BFSG). Wir \u00fcberpr\u00fcfen unsere Website regelm\u00e4\u00dfig mit automatisierten Tools und manuellen Tests. Sollten Ihnen dennoch Barrieren auffallen, freuen wir uns \u00fcber einen Hinweis. Schreiben Sie uns einfach eine E-Mail an info@thelandoffey.de oder nutzen Sie unser Kontaktformular. Wir nehmen Ihr Feedback ernst und bem\u00fchen uns, gemeldete Barrieren schnellstm\u00f6glich zu beheben.\" \/>\n<meta property=\"og:url\" content=\"https:\/\/www.thelandoffey.de\/de_de\/impressum\/\" \/>\n<meta property=\"og:site_name\" content=\"The Land of Fey Medienproduktion\" \/>\n<meta property=\"article:publisher\" content=\"https:\/\/www.facebook.com\/TheLandOfFeyGmbh\/\" \/>\n<meta property=\"article:modified_time\" content=\"2025-07-24T20:57:22+00:00\" \/>\n<meta name=\"twitter:card\" content=\"summary_large_image\" \/>\n<meta name=\"twitter:label1\" content=\"Gesch\u00e4tzte Lesezeit\" \/>\n\t<meta name=\"twitter:data1\" content=\"1\u00a0Minute\" \/>\n<script type=\"application\/ld+json\" class=\"yoast-schema-graph\">{\"@context\":\"https:\\\/\\\/schema.org\",\"@graph\":[{\"@type\":\"WebPage\",\"@id\":\"https:\\\/\\\/www.thelandoffey.de\\\/de_de\\\/impressum\\\/\",\"url\":\"https:\\\/\\\/www.thelandoffey.de\\\/de_de\\\/impressum\\\/\",\"name\":\"Impressum - The Land of Fey Medienproduktion\",\"isPartOf\":{\"@id\":\"https:\\\/\\\/www.thelandoffey.de\\\/de_de\\\/#website\"},\"datePublished\":\"2017-12-13T12:23:05+00:00\",\"dateModified\":\"2025-07-24T20:57:22+00:00\",\"breadcrumb\":{\"@id\":\"https:\\\/\\\/www.thelandoffey.de\\\/de_de\\\/impressum\\\/#breadcrumb\"},\"inLanguage\":\"de\",\"potentialAction\":[{\"@type\":\"ReadAction\",\"target\":[\"https:\\\/\\\/www.thelandoffey.de\\\/de_de\\\/impressum\\\/\"]}]},{\"@type\":\"BreadcrumbList\",\"@id\":\"https:\\\/\\\/www.thelandoffey.de\\\/de_de\\\/impressum\\\/#breadcrumb\",\"itemListElement\":[{\"@type\":\"ListItem\",\"position\":1,\"name\":\"Startseite\",\"item\":\"https:\\\/\\\/www.thelandoffey.de\\\/de_de\\\/\"},{\"@type\":\"ListItem\",\"position\":2,\"name\":\"Impressum\"}]},{\"@type\":\"WebSite\",\"@id\":\"https:\\\/\\\/www.thelandoffey.de\\\/de_de\\\/#website\",\"url\":\"https:\\\/\\\/www.thelandoffey.de\\\/de_de\\\/\",\"name\":\"The Land of Fey GmbH Medienproduktion\",\"description\":\"Marketing meets design - Werbe- &amp; Kreativagentur im Ruhrgebiet\",\"publisher\":{\"@id\":\"https:\\\/\\\/www.thelandoffey.de\\\/de_de\\\/#organization\"},\"potentialAction\":[{\"@type\":\"SearchAction\",\"target\":{\"@type\":\"EntryPoint\",\"urlTemplate\":\"https:\\\/\\\/www.thelandoffey.de\\\/de_de\\\/?s={search_term_string}\"},\"query-input\":{\"@type\":\"PropertyValueSpecification\",\"valueRequired\":true,\"valueName\":\"search_term_string\"}}],\"inLanguage\":\"de\"},{\"@type\":\"Organization\",\"@id\":\"https:\\\/\\\/www.thelandoffey.de\\\/de_de\\\/#organization\",\"name\":\"The Land of Fey GmbH Medienproduktion\",\"url\":\"https:\\\/\\\/www.thelandoffey.de\\\/de_de\\\/\",\"logo\":{\"@type\":\"ImageObject\",\"inLanguage\":\"de\",\"@id\":\"https:\\\/\\\/www.thelandoffey.de\\\/de_de\\\/#\\\/schema\\\/logo\\\/image\\\/\",\"url\":\"https:\\\/\\\/www.thelandoffey.de\\\/wp-content\\\/uploads\\\/2021\\\/05\\\/TLOF-Quad-Logo.jpg\",\"contentUrl\":\"https:\\\/\\\/www.thelandoffey.de\\\/wp-content\\\/uploads\\\/2021\\\/05\\\/TLOF-Quad-Logo.jpg\",\"width\":500,\"height\":500,\"caption\":\"The Land of Fey GmbH Medienproduktion\"},\"image\":{\"@id\":\"https:\\\/\\\/www.thelandoffey.de\\\/de_de\\\/#\\\/schema\\\/logo\\\/image\\\/\"},\"sameAs\":[\"https:\\\/\\\/www.facebook.com\\\/TheLandOfFeyGmbh\\\/\"]}]}<\/script>\n<!-- \/ Yoast SEO plugin. -->","yoast_head_json":{"title":"Impressum - The Land of Fey Medienproduktion","robots":{"index":"index","follow":"follow","max-snippet":"max-snippet:-1","max-image-preview":"max-image-preview:large","max-video-preview":"max-video-preview:-1"},"canonical":"https:\/\/www.thelandoffey.de\/de_de\/impressum\/","og_locale":"de_DE","og_type":"article","og_title":"Impressum - The Land of Fey Medienproduktion","og_description":"Impressum The Land of Fey GmbHRingerottstr. 7345772 Marl Handelsregister: HRB 11402Registergericht: Amtsgericht Gelsenkirchen Vertreten durch: Gesch\u00e4ftsf\u00fchrer: Oliver Karla Kontakt Telefon: +49 2365 - 2960568Telefax: +49 2365 - 2960569E-Mail: info@thelandoffey.de Umsatzsteuer-ID Umsatzsteuer-Identifikationsnummer gem\u00e4\u00df \u00a7 27 a Umsatzsteuergesetz: DE251705734 Redaktionell verantwortlich Oliver KarlaThe Land of Fey GmbHRingerottstr. 7345772 Marl Verbraucher\u00adstreit\u00adbeilegung\/Universal\u00adschlichtungs\u00adstelle Wir sind nicht bereit oder verpflichtet, an Streitbeilegungsverfahren vor einer Verbraucherschlichtungsstelle teilzunehmen. Barrierefreiheit Wir m\u00f6chten, dass unsere Website f\u00fcr alle Menschen zug\u00e4nglich ist \u2013 unabh\u00e4ngig von k\u00f6rperlichen oder technischen Voraussetzungen. Deshalb orientieren wir uns an den Vorgaben der Web Content Accessibility Guidelines (WCAG) 2.1, Level AA, und dem Barrierefreiheitsst\u00e4rkungsgesetz (BFSG). Wir \u00fcberpr\u00fcfen unsere Website regelm\u00e4\u00dfig mit automatisierten Tools und manuellen Tests. Sollten Ihnen dennoch Barrieren auffallen, freuen wir uns \u00fcber einen Hinweis. Schreiben Sie uns einfach eine E-Mail an info@thelandoffey.de oder nutzen Sie unser Kontaktformular. Wir nehmen Ihr Feedback ernst und bem\u00fchen uns, gemeldete Barrieren schnellstm\u00f6glich zu beheben.","og_url":"https:\/\/www.thelandoffey.de\/de_de\/impressum\/","og_site_name":"The Land of Fey Medienproduktion","article_publisher":"https:\/\/www.facebook.com\/TheLandOfFeyGmbh\/","article_modified_time":"2025-07-24T20:57:22+00:00","twitter_card":"summary_large_image","twitter_misc":{"Gesch\u00e4tzte Lesezeit":"1\u00a0Minute"},"schema":{"@context":"https:\/\/schema.org","@graph":[{"@type":"WebPage","@id":"https:\/\/www.thelandoffey.de\/de_de\/impressum\/","url":"https:\/\/www.thelandoffey.de\/de_de\/impressum\/","name":"Impressum - The Land of Fey Medienproduktion","isPartOf":{"@id":"https:\/\/www.thelandoffey.de\/de_de\/#website"},"datePublished":"2017-12-13T12:23:05+00:00","dateModified":"2025-07-24T20:57:22+00:00","breadcrumb":{"@id":"https:\/\/www.thelandoffey.de\/de_de\/impressum\/#breadcrumb"},"inLanguage":"de","potentialAction":[{"@type":"ReadAction","target":["https:\/\/www.thelandoffey.de\/de_de\/impressum\/"]}]},{"@type":"BreadcrumbList","@id":"https:\/\/www.thelandoffey.de\/de_de\/impressum\/#breadcrumb","itemListElement":[{"@type":"ListItem","position":1,"name":"Startseite","item":"https:\/\/www.thelandoffey.de\/de_de\/"},{"@type":"ListItem","position":2,"name":"Impressum"}]},{"@type":"WebSite","@id":"https:\/\/www.thelandoffey.de\/de_de\/#website","url":"https:\/\/www.thelandoffey.de\/de_de\/","name":"The Land of Fey GmbH Medienproduktion","description":"Marketing meets design - Werbe- &amp; Kreativagentur im Ruhrgebiet","publisher":{"@id":"https:\/\/www.thelandoffey.de\/de_de\/#organization"},"potentialAction":[{"@type":"SearchAction","target":{"@type":"EntryPoint","urlTemplate":"https:\/\/www.thelandoffey.de\/de_de\/?s={search_term_string}"},"query-input":{"@type":"PropertyValueSpecification","valueRequired":true,"valueName":"search_term_string"}}],"inLanguage":"de"},{"@type":"Organization","@id":"https:\/\/www.thelandoffey.de\/de_de\/#organization","name":"The Land of Fey GmbH Medienproduktion","url":"https:\/\/www.thelandoffey.de\/de_de\/","logo":{"@type":"ImageObject","inLanguage":"de","@id":"https:\/\/www.thelandoffey.de\/de_de\/#\/schema\/logo\/image\/","url":"https:\/\/www.thelandoffey.de\/wp-content\/uploads\/2021\/05\/TLOF-Quad-Logo.jpg","contentUrl":"https:\/\/www.thelandoffey.de\/wp-content\/uploads\/2021\/05\/TLOF-Quad-Logo.jpg","width":500,"height":500,"caption":"The Land of Fey GmbH Medienproduktion"},"image":{"@id":"https:\/\/www.thelandoffey.de\/de_de\/#\/schema\/logo\/image\/"},"sameAs":["https:\/\/www.facebook.com\/TheLandOfFeyGmbh\/"]}]}},"_links":{"self":[{"href":"https:\/\/www.thelandoffey.de\/de_de\/wp-json\/wp\/v2\/pages\/107","targetHints":{"allow":["GET"]}}],"collection":[{"href":"https:\/\/www.thelandoffey.de\/de_de\/wp-json\/wp\/v2\/pages"}],"about":[{"href":"https:\/\/www.thelandoffey.de\/de_de\/wp-json\/wp\/v2\/types\/page"}],"author":[{"embeddable":true,"href":"https:\/\/www.thelandoffey.de\/de_de\/wp-json\/wp\/v2\/users\/1"}],"replies":[{"embeddable":true,"href":"https:\/\/www.thelandoffey.de\/de_de\/wp-json\/wp\/v2\/comments?post=107"}],"version-history":[{"count":3,"href":"https:\/\/www.thelandoffey.de\/de_de\/wp-json\/wp\/v2\/pages\/107\/revisions"}],"predecessor-version":[{"id":887,"href":"https:\/\/www.thelandoffey.de\/de_de\/wp-json\/wp\/v2\/pages\/107\/revisions\/887"}],"wp:attachment":[{"href":"https:\/\/www.thelandoffey.de\/de_de\/wp-json\/wp\/v2\/media?parent=107"}],"curies":[{"name":"wp","href":"https:\/\/api.w.org\/{rel}","templated":true}]}}