{"id":660,"date":"2024-02-02T11:56:26","date_gmt":"2024-02-02T10:56:26","guid":{"rendered":"https:\/\/www.thelandoffey.de\/?page_id=660"},"modified":"2026-02-04T08:39:29","modified_gmt":"2026-02-04T07:39:29","slug":"jobs","status":"publish","type":"page","link":"https:\/\/www.thelandoffey.de\/en\/jobs\/","title":{"rendered":"JOBS"},"content":{"rendered":"<p>[et_pb_section fb_built=&#8220;1&#8243; _builder_version=&#8220;4.24.0&#8243; _module_preset=&#8220;default&#8220; use_background_color_gradient=&#8220;on&#8220; background_color_gradient_type=&#8220;circular&#8220; background_color_gradient_direction_radial=&#8220;bottom right&#8220; background_color_gradient_stops=&#8220;#001321 0%|#470060 100%&#8220; background_enable_image=&#8220;off&#8220; background_position=&#8220;top_center&#8220; background_repeat=&#8220;repeat&#8220; background_blend=&#8220;multiply&#8220; background_enable_video_mp4=&#8220;off&#8220; width=&#8220;100%&#8220; max_width=&#8220;100%&#8220; min_height=&#8220;100vh&#8220; custom_padding=&#8220;0px||0px||true|false&#8220; mix_blend_mode=&#8220;overlay&#8220; global_colors_info=&#8220;{}&#8220;][et_pb_row _builder_version=&#8220;4.23.1&#8243; _module_preset=&#8220;default&#8220; background_enable_video_mp4=&#8220;off&#8220; width=&#8220;100%&#8220; max_width=&#8220;100%&#8220; custom_margin=&#8220;0px||0px||false|false&#8220; custom_padding=&#8220;0px||128px||false|false&#8220; global_colors_info=&#8220;{}&#8220;][et_pb_column type=&#8220;4_4&#8243; _builder_version=&#8220;4.19.4&#8243; _module_preset=&#8220;default&#8220; global_colors_info=&#8220;{}&#8220;][et_pb_image src=&#8220;https:\/\/www.thelandoffey.de\/wp-content\/uploads\/2020\/09\/TLOF-Logo-2020_500.png&#8220; title_text=&#8220;TLOF-Logo-2020_500&#8243; align=&#8220;center&#8220; _builder_version=&#8220;4.23.1&#8243; _module_preset=&#8220;default&#8220; animation_style=&#8220;fade&#8220; animation_direction=&#8220;bottom&#8220; global_colors_info=&#8220;{}&#8220;][\/et_pb_image][et_pb_text _builder_version=&#8220;4.24.0&#8243; _module_preset=&#8220;default&#8220; text_font=&#8220;Albert Sans|600|||||||&#8220; text_text_color=&#8220;#B9A7DB&#8220; text_font_size=&#8220;60px&#8220; header_font=&#8220;Albert Sans|600|||||||&#8220; header_text_align=&#8220;center&#8220; header_text_color=&#8220;#FFFFFF&#8220; header_font_size=&#8220;150px&#8220; text_orientation=&#8220;center&#8220; min_height=&#8220;300px&#8220; min_height_tablet=&#8220;300px&#8220; min_height_phone=&#8220;300px&#8220; min_height_last_edited=&#8220;on|phone&#8220; custom_margin=&#8220;6.8%||||false|false&#8220; animation_style=&#8220;slide&#8220; animation_direction=&#8220;bottom&#8220; animation_duration=&#8220;750ms&#8220; animation_intensity_slide=&#8220;25%&#8220; text_font_size_tablet=&#8220;60px&#8220; text_font_size_phone=&#8220;40px&#8220; text_font_size_last_edited=&#8220;on|phone&#8220; header_font_size_tablet=&#8220;150px&#8220; header_font_size_phone=&#8220;60px&#8220; header_font_size_last_edited=&#8220;on|phone&#8220; header_2_font_size_tablet=&#8220;&#8220; header_2_font_size_phone=&#8220;28px&#8220; header_2_font_size_last_edited=&#8220;on|phone&#8220; header_3_font_size_tablet=&#8220;&#8220; header_3_font_size_phone=&#8220;20px&#8220; header_3_font_size_last_edited=&#8220;on|phone&#8220; text_text_shadow_style=&#8220;preset1&#8243; header_text_shadow_style=&#8220;preset1&#8243; global_colors_info=&#8220;{}&#8220;]<\/p>\n<h1>JOBS@TLOF<\/h1>\n<p>0\/2026<\/p>\n<p>[\/et_pb_text][et_pb_text _builder_version=&#8220;4.24.0&#8243; _module_preset=&#8220;default&#8220; text_font=&#8220;Albert Sans|600|||||||&#8220; text_text_color=&#8220;#F6E8F7&#8243; text_font_size=&#8220;40px&#8220; text_line_height=&#8220;1.2em&#8220; header_font=&#8220;Albert Sans|600|||||||&#8220; header_text_align=&#8220;center&#8220; header_text_color=&#8220;#FFFFFF&#8220; header_font_size=&#8220;80px&#8220; header_2_font=&#8220;Albert Sans|600|||||||&#8220; header_2_text_color=&#8220;#B9A7DB&#8220; header_2_font_size=&#8220;45px&#8220; text_orientation=&#8220;center&#8220; width=&#8220;80%&#8220; width_tablet=&#8220;80%&#8220; width_phone=&#8220;80%&#8220; width_last_edited=&#8220;on|phone&#8220; module_alignment=&#8220;center&#8220; min_height=&#8220;300px&#8220; min_height_tablet=&#8220;300px&#8220; min_height_phone=&#8220;&#8220; min_height_last_edited=&#8220;on|phone&#8220; custom_margin=&#8220;6.8%||||false|false&#8220; animation_style=&#8220;slide&#8220; animation_direction=&#8220;bottom&#8220; animation_duration=&#8220;750ms&#8220; animation_intensity_slide=&#8220;25%&#8220; text_font_size_tablet=&#8220;40px&#8220; text_font_size_phone=&#8220;20px&#8220; text_font_size_last_edited=&#8220;on|phone&#8220; header_font_size_tablet=&#8220;150px&#8220; header_font_size_phone=&#8220;35px&#8220; header_font_size_last_edited=&#8220;on|phone&#8220; header_2_font_size_tablet=&#8220;45px&#8220; header_2_font_size_phone=&#8220;24px&#8220; header_2_font_size_last_edited=&#8220;on|phone&#8220; text_text_shadow_style=&#8220;preset1&#8243; header_text_shadow_style=&#8220;preset1&#8243; global_colors_info=&#8220;{}&#8220;]<\/p>\n<h1>(MEDIEN)DESIGNER (m\/w\/d)<\/h1>\n<h2>Vollzeit\/Teilzeit\/Freelancer<\/h2>\n<p>&nbsp;<\/p>\n<p>F\u00fcr Dich sind Adobe Photoshop, WordPress, InDesign, Illustrator keine Fremdw\u00f6rter?<\/p>\n<p>Du hast Interesse an wechselnden Aufgaben, reagierst schnell und unkompliziert auf neue Herausforderungen und magst die Kommunikation \u00fcber verschiedene Medien?<\/p>\n<p>AI, 3D, VR, neue Technologien und Trends motivieren Dich Neues zu probieren?<\/p>\n<p>Du passt nicht immer in Schema-F?<\/p>\n<p>&nbsp;<\/p>\n<p>Dann bist Du m\u00f6glicherweise genau f\u00fcr uns genau richtig!<\/p>\n<p>&nbsp;<\/p>\n<p>[\/et_pb_text][et_pb_text _builder_version=&#8220;4.24.0&#8243; _module_preset=&#8220;default&#8220; text_font=&#8220;Albert Sans|600|||||||&#8220; text_text_color=&#8220;#F6E8F7&#8243; text_font_size=&#8220;40px&#8220; text_line_height=&#8220;1.2em&#8220; header_font=&#8220;Albert Sans|600|||||||&#8220; header_text_align=&#8220;center&#8220; header_text_color=&#8220;#FFFFFF&#8220; header_font_size=&#8220;80px&#8220; header_2_font=&#8220;Albert Sans|600|||||||&#8220; header_2_text_color=&#8220;#B9A7DB&#8220; header_2_font_size=&#8220;45px&#8220; text_orientation=&#8220;center&#8220; width=&#8220;80%&#8220; width_tablet=&#8220;80%&#8220; width_phone=&#8220;80%&#8220; width_last_edited=&#8220;on|phone&#8220; module_alignment=&#8220;center&#8220; min_height=&#8220;300px&#8220; min_height_tablet=&#8220;300px&#8220; min_height_phone=&#8220;&#8220; min_height_last_edited=&#8220;on|phone&#8220; custom_margin=&#8220;6.8%||||false|false&#8220; animation_style=&#8220;slide&#8220; animation_direction=&#8220;bottom&#8220; animation_duration=&#8220;750ms&#8220; animation_intensity_slide=&#8220;25%&#8220; text_font_size_tablet=&#8220;40px&#8220; text_font_size_phone=&#8220;20px&#8220; text_font_size_last_edited=&#8220;on|phone&#8220; header_font_size_tablet=&#8220;150px&#8220; header_font_size_phone=&#8220;35px&#8220; header_font_size_last_edited=&#8220;on|phone&#8220; header_2_font_size_tablet=&#8220;45px&#8220; header_2_font_size_phone=&#8220;24px&#8220; header_2_font_size_last_edited=&#8220;on|phone&#8220; text_text_shadow_style=&#8220;preset1&#8243; header_text_shadow_style=&#8220;preset1&#8243; global_colors_info=&#8220;{}&#8220;]<\/p>\n<h1>SOCIAL MEDIA EXPERT(m\/w\/d)<\/h1>\n<h2>Vollzeit\/Teilzeit\/Freelancer<\/h2>\n<p>&nbsp;<\/p>\n<p>Facebook, Instagram, Tiktok und LinkedIn sind Dein zweites zuhause?<\/p>\n<p>Du hast Interesse an wechselnden Aufgaben, reagierst schnell und unkompliziert auf neue Herausforderungen und magst die Kommunikation \u00fcber verschiedene Media Kan\u00e4le?<\/p>\n<p>Du arbeitest gerne flexible und probierst neue Dinge aus, kannst aber genau so gut Ergebnisse in aussagekr\u00e4ftige Reports verwnadeln?<\/p>\n<p>Du passt nicht immer in Schema-F?<\/p>\n<p>\u00a0Dann bist Du m\u00f6glicherweise genau f\u00fcr uns genau richtig!<\/p>\n<p>&nbsp;<\/p>\n<p>[\/et_pb_text][et_pb_button button_url=&#8220;@ET-DC@eyJkeW5hbWljIjp0cnVlLCJjb250ZW50IjoicG9zdF9saW5rX3VybF9wYWdlIiwic2V0dGluZ3MiOnsicG9zdF9pZCI6IjE0In19@&#8220; button_text=&#8220;Bewirb Dich jetzt!&#8220; button_alignment=&#8220;center&#8220; _builder_version=&#8220;4.24.0&#8243; _dynamic_attributes=&#8220;button_url&#8220; _module_preset=&#8220;default&#8220; custom_button=&#8220;on&#8220; button_text_color=&#8220;#F6E8F7&#8243; button_bg_color=&#8220;RGBA(255,255,255,0)&#8220; button_border_color=&#8220;#F6E8F7&#8243; button_border_radius=&#8220;41px&#8220; global_colors_info=&#8220;{}&#8220;][\/et_pb_button][\/et_pb_column][\/et_pb_row][\/et_pb_section][et_pb_section fb_built=&#8220;1&#8243; next_background_color=&#8220;#ffffff&#8220; _builder_version=&#8220;4.20.0&#8243; _module_preset=&#8220;default&#8220; background_enable_color=&#8220;off&#8220; background_image=&#8220;https:\/\/www.thelandoffey.de\/wp-content\/uploads\/2023\/01\/TLOF-Burst-only-2023_3840x2160-1024&#215;576.jpg&#8220; custom_padding=&#8220;175px||164px|||&#8220; bottom_divider_style=&#8220;ramp2&#8243; bottom_divider_flip=&#8220;horizontal&#8220; global_colors_info=&#8220;{}&#8220;][et_pb_row _builder_version=&#8220;4.20.0&#8243; _module_preset=&#8220;default&#8220; global_colors_info=&#8220;{}&#8220;][et_pb_column type=&#8220;4_4&#8243; _builder_version=&#8220;4.20.0&#8243; _module_preset=&#8220;default&#8220; global_colors_info=&#8220;{}&#8220;][et_pb_text _builder_version=&#8220;4.24.0&#8243; _module_preset=&#8220;default&#8220; text_font=&#8220;Albert Sans|300|||||||&#8220; header_font=&#8220;|600|||||||&#8220; header_2_font=&#8220;|300|||||||&#8220; header_2_text_align=&#8220;center&#8220; header_2_text_color=&#8220;#FFFFFF&#8220; header_2_font_size=&#8220;37px&#8220; header_2_line_height=&#8220;1.4em&#8220; global_colors_info=&#8220;{}&#8220;]<\/p>\n<h2>Wir freuen uns auf Deine Bewerbung.<\/h2>\n<p>[\/et_pb_text][\/et_pb_column][\/et_pb_row][\/et_pb_section][et_pb_section fb_built=&#8220;1&#8243; _builder_version=&#8220;4.20.0&#8243; _module_preset=&#8220;default&#8220; global_colors_info=&#8220;{}&#8220; locked=&#8220;off&#8220;][et_pb_row _builder_version=&#8220;4.20.0&#8243; _module_preset=&#8220;default&#8220; global_colors_info=&#8220;{}&#8220;][et_pb_column type=&#8220;4_4&#8243; _builder_version=&#8220;4.20.0&#8243; _module_preset=&#8220;default&#8220; global_colors_info=&#8220;{}&#8220;][dsm_block_reveal_text _builder_version=&#8220;4.27.5&#8243; _module_preset=&#8220;default&#8220; block_reveal_text=&#8220;Pers\u00f6nlich und engagiert. TLOF&#8220; block_reveal_color=&#8220;#77069C&#8220; heading_html_tag=&#8220;h1&#8243; hover_enabled=&#8220;0&#8243; sticky_enabled=&#8220;0&#8243; header_font=&#8220;Albert|600|||||||&#8220; header_font_size=&#8220;100px&#8220; header_text_color=&#8220;#77069C&#8220; header_text_align=&#8220;center&#8220;][\/dsm_block_reveal_text][\/et_pb_column][\/et_pb_row][\/et_pb_section]<\/p>\n","protected":false},"excerpt":{"rendered":"<p>JOBS@TLOF 0\/2026(MEDIEN)DESIGNER (m\/w\/d) Vollzeit\/Teilzeit\/Freelancer &nbsp; F\u00fcr Dich sind Adobe Photoshop, WordPress, InDesign, Illustrator keine Fremdw\u00f6rter? Du hast Interesse an wechselnden Aufgaben, reagierst schnell und unkompliziert auf neue Herausforderungen und magst die Kommunikation \u00fcber verschiedene Medien? AI, 3D, VR, neue Technologien und Trends motivieren Dich Neues zu probieren? Du passt nicht immer in Schema-F? &nbsp; Dann bist Du m\u00f6glicherweise genau f\u00fcr uns genau richtig! &nbsp;SOCIAL MEDIA EXPERT(m\/w\/d) Vollzeit\/Teilzeit\/Freelancer &nbsp; Facebook, Instagram, Tiktok und LinkedIn sind Dein zweites zuhause? Du hast Interesse an wechselnden Aufgaben, reagierst schnell und unkompliziert auf neue Herausforderungen und magst die Kommunikation \u00fcber verschiedene Media Kan\u00e4le? Du arbeitest gerne flexible und probierst neue Dinge aus, kannst aber genau so gut Ergebnisse in aussagekr\u00e4ftige Reports verwnadeln? Du passt nicht immer in Schema-F? \u00a0Dann bist Du m\u00f6glicherweise genau f\u00fcr uns genau richtig! &nbsp;Wir freuen uns auf Deine Bewerbung.<div class=\"et_pb_module dsm_block_reveal_text dsm_block_reveal_text_0\">\n\t\t\t\t\n\t\t\t\t\n\t\t\t\t\n\t\t\t\t\n\t\t\t\t\n\t\t\t\t\n\t\t\t\t<div class=\"et_pb_module_inner\">\n\t\t\t\t\t<div class=\"dsm_block_reveal_text_wrapper\" data-dsm-block-reveal-animation=\"lr\" data-dsm-block-reveal-color=\"#77069C\" data-dsm-block-reveal-delay=\"0.1\" data-dsm-block-reveal-viewport=\"80%\"><h1 class=\"dsm_block_reveal_text_header et_pb_module_header\">Personal and committed. TLOF<\/h1><\/div>\n\t\t\t\t<\/div>\n\t\t\t<\/div><\/p>","protected":false},"author":1,"featured_media":0,"parent":0,"menu_order":0,"comment_status":"closed","ping_status":"closed","template":"","meta":{"_et_pb_use_builder":"on","_et_pb_old_content":"","_et_gb_content_width":"","footnotes":""},"class_list":["post-660","page","type-page","status-publish","hentry"],"yoast_head":"<!-- This site is optimized with the Yoast SEO plugin v27.4 - https:\/\/yoast.com\/product\/yoast-seo-wordpress\/ -->\n<title>JOBS - The Land of Fey Medienproduktion<\/title>\n<meta name=\"robots\" content=\"index, follow, max-snippet:-1, max-image-preview:large, max-video-preview:-1\" \/>\n<link rel=\"canonical\" href=\"https:\/\/www.thelandoffey.de\/en\/jobs\/\" \/>\n<meta property=\"og:locale\" content=\"en_US\" \/>\n<meta property=\"og:type\" content=\"article\" \/>\n<meta property=\"og:title\" content=\"JOBS - The Land of Fey Medienproduktion\" \/>\n<meta property=\"og:description\" content=\"JOBS@TLOF 0\/2026(MEDIEN)DESIGNER (m\/w\/d) Vollzeit\/Teilzeit\/Freelancer &nbsp; F\u00fcr Dich sind Adobe Photoshop, WordPress, InDesign, Illustrator keine Fremdw\u00f6rter? Du hast Interesse an wechselnden Aufgaben, reagierst schnell und unkompliziert auf neue Herausforderungen und magst die Kommunikation \u00fcber verschiedene Medien? AI, 3D, VR, neue Technologien und Trends motivieren Dich Neues zu probieren? Du passt nicht immer in Schema-F? &nbsp; Dann bist Du m\u00f6glicherweise genau f\u00fcr uns genau richtig! &nbsp;SOCIAL MEDIA EXPERT(m\/w\/d) Vollzeit\/Teilzeit\/Freelancer &nbsp; Facebook, Instagram, Tiktok und LinkedIn sind Dein zweites zuhause? Du hast Interesse an wechselnden Aufgaben, reagierst schnell und unkompliziert auf neue Herausforderungen und magst die Kommunikation \u00fcber verschiedene Media Kan\u00e4le? Du arbeitest gerne flexible und probierst neue Dinge aus, kannst aber genau so gut Ergebnisse in aussagekr\u00e4ftige Reports verwnadeln? Du passt nicht immer in Schema-F? \u00a0Dann bist Du m\u00f6glicherweise genau f\u00fcr uns genau richtig! &nbsp;Wir freuen uns auf Deine Bewerbung.\" \/>\n<meta property=\"og:url\" content=\"https:\/\/www.thelandoffey.de\/en\/jobs\/\" \/>\n<meta property=\"og:site_name\" content=\"The Land of Fey Medienproduktion\" \/>\n<meta property=\"article:publisher\" content=\"https:\/\/www.facebook.com\/TheLandOfFeyGmbh\/\" \/>\n<meta property=\"article:modified_time\" content=\"2026-02-04T07:39:29+00:00\" \/>\n<meta name=\"twitter:card\" content=\"summary_large_image\" \/>\n<meta name=\"twitter:label1\" content=\"Est. reading time\" \/>\n\t<meta name=\"twitter:data1\" content=\"5 minutes\" \/>\n<script type=\"application\/ld+json\" class=\"yoast-schema-graph\">{\"@context\":\"https:\\\/\\\/schema.org\",\"@graph\":[{\"@type\":\"WebPage\",\"@id\":\"https:\\\/\\\/www.thelandoffey.de\\\/de_de\\\/jobs\\\/\",\"url\":\"https:\\\/\\\/www.thelandoffey.de\\\/de_de\\\/jobs\\\/\",\"name\":\"JOBS - The Land of Fey Medienproduktion\",\"isPartOf\":{\"@id\":\"https:\\\/\\\/www.thelandoffey.de\\\/de_de\\\/#website\"},\"datePublished\":\"2024-02-02T10:56:26+00:00\",\"dateModified\":\"2026-02-04T07:39:29+00:00\",\"breadcrumb\":{\"@id\":\"https:\\\/\\\/www.thelandoffey.de\\\/de_de\\\/jobs\\\/#breadcrumb\"},\"inLanguage\":\"en-US\",\"potentialAction\":[{\"@type\":\"ReadAction\",\"target\":[\"https:\\\/\\\/www.thelandoffey.de\\\/de_de\\\/jobs\\\/\"]}]},{\"@type\":\"BreadcrumbList\",\"@id\":\"https:\\\/\\\/www.thelandoffey.de\\\/de_de\\\/jobs\\\/#breadcrumb\",\"itemListElement\":[{\"@type\":\"ListItem\",\"position\":1,\"name\":\"Startseite\",\"item\":\"https:\\\/\\\/www.thelandoffey.de\\\/de_de\\\/\"},{\"@type\":\"ListItem\",\"position\":2,\"name\":\"JOBS\"}]},{\"@type\":\"WebSite\",\"@id\":\"https:\\\/\\\/www.thelandoffey.de\\\/de_de\\\/#website\",\"url\":\"https:\\\/\\\/www.thelandoffey.de\\\/de_de\\\/\",\"name\":\"The Land of Fey GmbH Medienproduktion\",\"description\":\"Marketing meets design - Werbe- &amp; Kreativagentur im Ruhrgebiet\",\"publisher\":{\"@id\":\"https:\\\/\\\/www.thelandoffey.de\\\/de_de\\\/#organization\"},\"potentialAction\":[{\"@type\":\"SearchAction\",\"target\":{\"@type\":\"EntryPoint\",\"urlTemplate\":\"https:\\\/\\\/www.thelandoffey.de\\\/de_de\\\/?s={search_term_string}\"},\"query-input\":{\"@type\":\"PropertyValueSpecification\",\"valueRequired\":true,\"valueName\":\"search_term_string\"}}],\"inLanguage\":\"en-US\"},{\"@type\":\"Organization\",\"@id\":\"https:\\\/\\\/www.thelandoffey.de\\\/de_de\\\/#organization\",\"name\":\"The Land of Fey GmbH Medienproduktion\",\"url\":\"https:\\\/\\\/www.thelandoffey.de\\\/de_de\\\/\",\"logo\":{\"@type\":\"ImageObject\",\"inLanguage\":\"en-US\",\"@id\":\"https:\\\/\\\/www.thelandoffey.de\\\/de_de\\\/#\\\/schema\\\/logo\\\/image\\\/\",\"url\":\"https:\\\/\\\/www.thelandoffey.de\\\/wp-content\\\/uploads\\\/2021\\\/05\\\/TLOF-Quad-Logo.jpg\",\"contentUrl\":\"https:\\\/\\\/www.thelandoffey.de\\\/wp-content\\\/uploads\\\/2021\\\/05\\\/TLOF-Quad-Logo.jpg\",\"width\":500,\"height\":500,\"caption\":\"The Land of Fey GmbH Medienproduktion\"},\"image\":{\"@id\":\"https:\\\/\\\/www.thelandoffey.de\\\/de_de\\\/#\\\/schema\\\/logo\\\/image\\\/\"},\"sameAs\":[\"https:\\\/\\\/www.facebook.com\\\/TheLandOfFeyGmbh\\\/\"]}]}<\/script>\n<!-- \/ Yoast SEO plugin. -->","yoast_head_json":{"title":"JOBS - The Land of Fey Medienproduktion","robots":{"index":"index","follow":"follow","max-snippet":"max-snippet:-1","max-image-preview":"max-image-preview:large","max-video-preview":"max-video-preview:-1"},"canonical":"https:\/\/www.thelandoffey.de\/en\/jobs\/","og_locale":"en_US","og_type":"article","og_title":"JOBS - The Land of Fey Medienproduktion","og_description":"JOBS@TLOF 0\/2026(MEDIEN)DESIGNER (m\/w\/d) Vollzeit\/Teilzeit\/Freelancer &nbsp; F\u00fcr Dich sind Adobe Photoshop, WordPress, InDesign, Illustrator keine Fremdw\u00f6rter? Du hast Interesse an wechselnden Aufgaben, reagierst schnell und unkompliziert auf neue Herausforderungen und magst die Kommunikation \u00fcber verschiedene Medien? AI, 3D, VR, neue Technologien und Trends motivieren Dich Neues zu probieren? Du passt nicht immer in Schema-F? &nbsp; Dann bist Du m\u00f6glicherweise genau f\u00fcr uns genau richtig! &nbsp;SOCIAL MEDIA EXPERT(m\/w\/d) Vollzeit\/Teilzeit\/Freelancer &nbsp; Facebook, Instagram, Tiktok und LinkedIn sind Dein zweites zuhause? Du hast Interesse an wechselnden Aufgaben, reagierst schnell und unkompliziert auf neue Herausforderungen und magst die Kommunikation \u00fcber verschiedene Media Kan\u00e4le? Du arbeitest gerne flexible und probierst neue Dinge aus, kannst aber genau so gut Ergebnisse in aussagekr\u00e4ftige Reports verwnadeln? Du passt nicht immer in Schema-F? \u00a0Dann bist Du m\u00f6glicherweise genau f\u00fcr uns genau richtig! &nbsp;Wir freuen uns auf Deine Bewerbung.","og_url":"https:\/\/www.thelandoffey.de\/en\/jobs\/","og_site_name":"The Land of Fey Medienproduktion","article_publisher":"https:\/\/www.facebook.com\/TheLandOfFeyGmbh\/","article_modified_time":"2026-02-04T07:39:29+00:00","twitter_card":"summary_large_image","twitter_misc":{"Est. reading time":"5 minutes"},"schema":{"@context":"https:\/\/schema.org","@graph":[{"@type":"WebPage","@id":"https:\/\/www.thelandoffey.de\/de_de\/jobs\/","url":"https:\/\/www.thelandoffey.de\/de_de\/jobs\/","name":"JOBS - The Land of Fey Medienproduktion","isPartOf":{"@id":"https:\/\/www.thelandoffey.de\/de_de\/#website"},"datePublished":"2024-02-02T10:56:26+00:00","dateModified":"2026-02-04T07:39:29+00:00","breadcrumb":{"@id":"https:\/\/www.thelandoffey.de\/de_de\/jobs\/#breadcrumb"},"inLanguage":"en-US","potentialAction":[{"@type":"ReadAction","target":["https:\/\/www.thelandoffey.de\/de_de\/jobs\/"]}]},{"@type":"BreadcrumbList","@id":"https:\/\/www.thelandoffey.de\/de_de\/jobs\/#breadcrumb","itemListElement":[{"@type":"ListItem","position":1,"name":"Startseite","item":"https:\/\/www.thelandoffey.de\/de_de\/"},{"@type":"ListItem","position":2,"name":"JOBS"}]},{"@type":"WebSite","@id":"https:\/\/www.thelandoffey.de\/de_de\/#website","url":"https:\/\/www.thelandoffey.de\/de_de\/","name":"The Land of Fey GmbH Medienproduktion","description":"Marketing meets design - Werbe- &amp; Kreativagentur im Ruhrgebiet","publisher":{"@id":"https:\/\/www.thelandoffey.de\/de_de\/#organization"},"potentialAction":[{"@type":"SearchAction","target":{"@type":"EntryPoint","urlTemplate":"https:\/\/www.thelandoffey.de\/de_de\/?s={search_term_string}"},"query-input":{"@type":"PropertyValueSpecification","valueRequired":true,"valueName":"search_term_string"}}],"inLanguage":"en-US"},{"@type":"Organization","@id":"https:\/\/www.thelandoffey.de\/de_de\/#organization","name":"The Land of Fey GmbH Medienproduktion","url":"https:\/\/www.thelandoffey.de\/de_de\/","logo":{"@type":"ImageObject","inLanguage":"en-US","@id":"https:\/\/www.thelandoffey.de\/de_de\/#\/schema\/logo\/image\/","url":"https:\/\/www.thelandoffey.de\/wp-content\/uploads\/2021\/05\/TLOF-Quad-Logo.jpg","contentUrl":"https:\/\/www.thelandoffey.de\/wp-content\/uploads\/2021\/05\/TLOF-Quad-Logo.jpg","width":500,"height":500,"caption":"The Land of Fey GmbH Medienproduktion"},"image":{"@id":"https:\/\/www.thelandoffey.de\/de_de\/#\/schema\/logo\/image\/"},"sameAs":["https:\/\/www.facebook.com\/TheLandOfFeyGmbh\/"]}]}},"_links":{"self":[{"href":"https:\/\/www.thelandoffey.de\/en\/wp-json\/wp\/v2\/pages\/660","targetHints":{"allow":["GET"]}}],"collection":[{"href":"https:\/\/www.thelandoffey.de\/en\/wp-json\/wp\/v2\/pages"}],"about":[{"href":"https:\/\/www.thelandoffey.de\/en\/wp-json\/wp\/v2\/types\/page"}],"author":[{"embeddable":true,"href":"https:\/\/www.thelandoffey.de\/en\/wp-json\/wp\/v2\/users\/1"}],"replies":[{"embeddable":true,"href":"https:\/\/www.thelandoffey.de\/en\/wp-json\/wp\/v2\/comments?post=660"}],"version-history":[{"count":2,"href":"https:\/\/www.thelandoffey.de\/en\/wp-json\/wp\/v2\/pages\/660\/revisions"}],"predecessor-version":[{"id":941,"href":"https:\/\/www.thelandoffey.de\/en\/wp-json\/wp\/v2\/pages\/660\/revisions\/941"}],"wp:attachment":[{"href":"https:\/\/www.thelandoffey.de\/en\/wp-json\/wp\/v2\/media?parent=660"}],"curies":[{"name":"wp","href":"https:\/\/api.w.org\/{rel}","templated":true}]}}